{"id":8,"date":"2026-04-07T17:49:21","date_gmt":"2026-04-07T17:49:21","guid":{"rendered":"https:\/\/lighthouse.fi\/?page_id=8"},"modified":"2026-04-10T18:00:56","modified_gmt":"2026-04-10T18:00:56","slug":"lighthouse-consulting-tervapaasky","status":"publish","type":"page","link":"https:\/\/lighthouse.fi\/","title":{"rendered":"Lighthouse consulting &amp; Tervap\u00e4\u00e4sky"},"content":{"rendered":"\n<div class=\"wp-block-cover alignfull has-custom-content-position is-position-center-left\" style=\"margin-top:0;margin-bottom:0;padding-top:var(--wp--preset--spacing--50);padding-right:var(--wp--preset--spacing--50);padding-bottom:var(--wp--preset--spacing--50);padding-left:var(--wp--preset--spacing--50);min-height:840px;aspect-ratio:unset;\"><img loading=\"lazy\" decoding=\"async\" width=\"576\" height=\"1024\" class=\"wp-block-cover__image-background wp-image-10 size-large\" alt=\"\" src=\"https:\/\/lighthouse.fi\/wp-content\/uploads\/2026\/04\/tervapaaskyetupuutarha-576x1024.jpg\" style=\"object-position:89% 24%\" data-object-fit=\"cover\" data-object-position=\"89% 24%\" srcset=\"https:\/\/lighthouse.fi\/wp-content\/uploads\/2026\/04\/tervapaaskyetupuutarha-576x1024.jpg 576w, https:\/\/lighthouse.fi\/wp-content\/uploads\/2026\/04\/tervapaaskyetupuutarha-169x300.jpg 169w, https:\/\/lighthouse.fi\/wp-content\/uploads\/2026\/04\/tervapaaskyetupuutarha-768x1365.jpg 768w, https:\/\/lighthouse.fi\/wp-content\/uploads\/2026\/04\/tervapaaskyetupuutarha-864x1536.jpg 864w, https:\/\/lighthouse.fi\/wp-content\/uploads\/2026\/04\/tervapaaskyetupuutarha-1153x2048.jpg 1153w, https:\/\/lighthouse.fi\/wp-content\/uploads\/2026\/04\/tervapaaskyetupuutarha-scaled.jpg 1441w\" sizes=\"auto, (max-width: 576px) 100vw, 576px\" \/><span aria-hidden=\"true\" class=\"wp-block-cover__background has-background-dim-10 has-background-dim\"><\/span><div class=\"wp-block-cover__inner-container has-global-padding is-layout-constrained wp-container-core-cover-is-layout-d89aad35 wp-block-cover-is-layout-constrained\">\n<div class=\"wp-block-group alignwide has-global-padding is-content-justification-center is-layout-constrained wp-block-group-is-layout-constrained\">\n<h2 class=\"wp-block-heading has-text-align-center is-style-text-display has-contrast-color has-accent-5-background-color has-text-color has-background has-link-color has-xx-large-font-size wp-elements-fee3c0743f9dad6cb873cdc9e5453f50 is-style-text-display--1\"><strong>PUUTARHAKAHVILA TERVAP\u00c4\u00c4SKY<\/strong><\/h2>\n\n\n\n<p class=\"has-text-align-center is-style-text-subtitle has-contrast-color has-accent-5-background-color has-text-color has-background has-link-color has-x-large-font-size wp-elements-5fac2b1e8636fd32b6194969080bd101 is-style-text-subtitle--2\"><strong>ja Enostone kustannuksen kirjakauppa<\/strong><\/p>\n\n\n\n<p class=\"has-text-align-center is-style-text-subtitle has-contrast-color has-accent-5-background-color has-text-color has-background has-link-color has-large-font-size wp-elements-17038634922de7c78010aefba56bf278 is-style-text-subtitle--3\"><strong>S\u00e4\u00e4ksm\u00e4entie 825, Valkeakoski<\/strong><\/p>\n<\/div>\n<\/div><\/div>\n\n\n\n<div class=\"wp-block-group alignfull is-style-section-5 has-global-padding is-layout-constrained wp-block-group-is-layout-constrained is-style-section-5--4\" style=\"margin-top:0;margin-bottom:0;padding-top:var(--wp--preset--spacing--50);padding-bottom:var(--wp--preset--spacing--50)\">\n<div class=\"wp-block-columns alignwide is-layout-flex wp-container-core-columns-is-layout-7ee84d44 wp-block-columns-is-layout-flex\">\n<div class=\"wp-block-column is-vertically-aligned-center is-layout-flow wp-block-column-is-layout-flow\" style=\"flex-basis:50%\">\n<h2 class=\"wp-block-heading\">Kes\u00e4n 2026 ohjelma<\/h2>\n\n\n\n<p class=\"has-medium-font-size\">P\u00e4ivittyy pian!<\/p>\n<\/div>\n\n\n\n<div class=\"wp-block-column is-vertically-aligned-center is-layout-flow wp-block-column-is-layout-flow\" style=\"flex-basis:50%\">\n<figure class=\"wp-block-image size-full\"><img loading=\"lazy\" decoding=\"async\" width=\"1441\" height=\"2560\" src=\"https:\/\/lighthouse.fi\/wp-content\/uploads\/2026\/04\/tervapaaskyetu-scaled.jpg\" alt=\"\" class=\"wp-image-11\" style=\"aspect-ratio:1;object-fit:cover\" srcset=\"https:\/\/lighthouse.fi\/wp-content\/uploads\/2026\/04\/tervapaaskyetu-scaled.jpg 1441w, https:\/\/lighthouse.fi\/wp-content\/uploads\/2026\/04\/tervapaaskyetu-169x300.jpg 169w, https:\/\/lighthouse.fi\/wp-content\/uploads\/2026\/04\/tervapaaskyetu-576x1024.jpg 576w, https:\/\/lighthouse.fi\/wp-content\/uploads\/2026\/04\/tervapaaskyetu-768x1365.jpg 768w, https:\/\/lighthouse.fi\/wp-content\/uploads\/2026\/04\/tervapaaskyetu-864x1536.jpg 864w, https:\/\/lighthouse.fi\/wp-content\/uploads\/2026\/04\/tervapaaskyetu-1153x2048.jpg 1153w\" sizes=\"auto, (max-width: 1441px) 100vw, 1441px\" \/><\/figure>\n<\/div>\n<\/div>\n<\/div>\n\n\n\n<div class=\"wp-block-group alignfull has-global-padding is-layout-constrained wp-block-group-is-layout-constrained\" style=\"margin-top:0;margin-bottom:0\">\n<div class=\"wp-block-group alignwide is-layout-grid wp-container-core-group-is-layout-5fdb10e5 wp-block-group-is-layout-grid\" style=\"padding-top:var(--wp--preset--spacing--50);padding-bottom:var(--wp--preset--spacing--50)\">\n<div class=\"wp-block-group is-vertical is-content-justification-stretch is-nowrap is-layout-flex wp-container-core-group-is-layout-627337ab wp-block-group-is-layout-flex\">\n<div class=\"wp-block-group is-vertical is-content-justification-left is-layout-flex wp-container-core-group-is-layout-dd225191 wp-block-group-is-layout-flex\">\n<figure class=\"wp-block-image size-large\"><img loading=\"lazy\" decoding=\"async\" width=\"576\" height=\"1024\" src=\"https:\/\/lighthouse.fi\/wp-content\/uploads\/2026\/04\/tervapaaskykukat-576x1024.jpg\" alt=\"\" class=\"wp-image-13\" srcset=\"https:\/\/lighthouse.fi\/wp-content\/uploads\/2026\/04\/tervapaaskykukat-576x1024.jpg 576w, https:\/\/lighthouse.fi\/wp-content\/uploads\/2026\/04\/tervapaaskykukat-169x300.jpg 169w, https:\/\/lighthouse.fi\/wp-content\/uploads\/2026\/04\/tervapaaskykukat-768x1365.jpg 768w, https:\/\/lighthouse.fi\/wp-content\/uploads\/2026\/04\/tervapaaskykukat-864x1536.jpg 864w, https:\/\/lighthouse.fi\/wp-content\/uploads\/2026\/04\/tervapaaskykukat-1153x2048.jpg 1153w, https:\/\/lighthouse.fi\/wp-content\/uploads\/2026\/04\/tervapaaskykukat-scaled.jpg 1441w\" sizes=\"auto, (max-width: 576px) 100vw, 576px\" \/><\/figure>\n<\/div>\n<\/div>\n\n\n\n<figure class=\"wp-block-image size-large\"><img loading=\"lazy\" decoding=\"async\" width=\"576\" height=\"1024\" src=\"https:\/\/lighthouse.fi\/wp-content\/uploads\/2026\/04\/tervapaaskyetupuutarha2-576x1024.jpg\" alt=\"\" class=\"wp-image-15\" srcset=\"https:\/\/lighthouse.fi\/wp-content\/uploads\/2026\/04\/tervapaaskyetupuutarha2-576x1024.jpg 576w, https:\/\/lighthouse.fi\/wp-content\/uploads\/2026\/04\/tervapaaskyetupuutarha2-169x300.jpg 169w, https:\/\/lighthouse.fi\/wp-content\/uploads\/2026\/04\/tervapaaskyetupuutarha2-768x1365.jpg 768w, https:\/\/lighthouse.fi\/wp-content\/uploads\/2026\/04\/tervapaaskyetupuutarha2-864x1536.jpg 864w, https:\/\/lighthouse.fi\/wp-content\/uploads\/2026\/04\/tervapaaskyetupuutarha2-1153x2048.jpg 1153w, https:\/\/lighthouse.fi\/wp-content\/uploads\/2026\/04\/tervapaaskyetupuutarha2-scaled.jpg 1441w\" sizes=\"auto, (max-width: 576px) 100vw, 576px\" \/><\/figure>\n\n\n\n<figure class=\"wp-block-image size-full wp-container-content-5fd69529\"><img loading=\"lazy\" decoding=\"async\" width=\"1441\" height=\"2560\" src=\"https:\/\/lighthouse.fi\/wp-content\/uploads\/2026\/04\/tervapaaskypuutarha-scaled.jpg\" alt=\"\" class=\"wp-image-12\" style=\"aspect-ratio:3\/4;object-fit:cover\" srcset=\"https:\/\/lighthouse.fi\/wp-content\/uploads\/2026\/04\/tervapaaskypuutarha-scaled.jpg 1441w, https:\/\/lighthouse.fi\/wp-content\/uploads\/2026\/04\/tervapaaskypuutarha-169x300.jpg 169w, https:\/\/lighthouse.fi\/wp-content\/uploads\/2026\/04\/tervapaaskypuutarha-576x1024.jpg 576w, https:\/\/lighthouse.fi\/wp-content\/uploads\/2026\/04\/tervapaaskypuutarha-768x1365.jpg 768w, https:\/\/lighthouse.fi\/wp-content\/uploads\/2026\/04\/tervapaaskypuutarha-864x1536.jpg 864w, https:\/\/lighthouse.fi\/wp-content\/uploads\/2026\/04\/tervapaaskypuutarha-1153x2048.jpg 1153w\" sizes=\"auto, (max-width: 1441px) 100vw, 1441px\" \/><\/figure>\n\n\n\n<figure class=\"wp-block-image size-large\"><img loading=\"lazy\" decoding=\"async\" width=\"576\" height=\"1024\" src=\"https:\/\/lighthouse.fi\/wp-content\/uploads\/2026\/04\/tervapaaskypuutarha2-576x1024.jpg\" alt=\"\" class=\"wp-image-14\" srcset=\"https:\/\/lighthouse.fi\/wp-content\/uploads\/2026\/04\/tervapaaskypuutarha2-576x1024.jpg 576w, https:\/\/lighthouse.fi\/wp-content\/uploads\/2026\/04\/tervapaaskypuutarha2-169x300.jpg 169w, https:\/\/lighthouse.fi\/wp-content\/uploads\/2026\/04\/tervapaaskypuutarha2-768x1365.jpg 768w, https:\/\/lighthouse.fi\/wp-content\/uploads\/2026\/04\/tervapaaskypuutarha2-864x1536.jpg 864w, https:\/\/lighthouse.fi\/wp-content\/uploads\/2026\/04\/tervapaaskypuutarha2-1153x2048.jpg 1153w, https:\/\/lighthouse.fi\/wp-content\/uploads\/2026\/04\/tervapaaskypuutarha2-scaled.jpg 1441w\" sizes=\"auto, (max-width: 576px) 100vw, 576px\" \/><\/figure>\n<\/div>\n<\/div>\n","protected":false},"excerpt":{"rendered":"<p>Kes\u00e4n 2026 ohjelma P\u00e4ivittyy pian!<\/p>\n","protected":false},"author":1,"featured_media":0,"parent":0,"menu_order":1,"comment_status":"closed","ping_status":"closed","template":"","meta":{"footnotes":""},"class_list":["post-8","page","type-page","status-publish","hentry"],"_links":{"self":[{"href":"https:\/\/lighthouse.fi\/index.php?rest_route=\/wp\/v2\/pages\/8","targetHints":{"allow":["GET"]}}],"collection":[{"href":"https:\/\/lighthouse.fi\/index.php?rest_route=\/wp\/v2\/pages"}],"about":[{"href":"https:\/\/lighthouse.fi\/index.php?rest_route=\/wp\/v2\/types\/page"}],"author":[{"embeddable":true,"href":"https:\/\/lighthouse.fi\/index.php?rest_route=\/wp\/v2\/users\/1"}],"replies":[{"embeddable":true,"href":"https:\/\/lighthouse.fi\/index.php?rest_route=%2Fwp%2Fv2%2Fcomments&post=8"}],"version-history":[{"count":3,"href":"https:\/\/lighthouse.fi\/index.php?rest_route=\/wp\/v2\/pages\/8\/revisions"}],"predecessor-version":[{"id":23,"href":"https:\/\/lighthouse.fi\/index.php?rest_route=\/wp\/v2\/pages\/8\/revisions\/23"}],"wp:attachment":[{"href":"https:\/\/lighthouse.fi\/index.php?rest_route=%2Fwp%2Fv2%2Fmedia&parent=8"}],"curies":[{"name":"wp","href":"https:\/\/api.w.org\/{rel}","templated":true}]}}